{"id":7956,"date":"2014-07-04T10:06:07","date_gmt":"2014-07-04T10:06:07","guid":{"rendered":"http:\/\/lawyers-attorneys.vamtam.com\/?page_id=7956"},"modified":"2019-05-13T12:17:34","modified_gmt":"2019-05-13T10:17:34","slug":"service","status":"publish","type":"page","link":"http:\/\/www.rechtsanwalt-bremerhaven.de\/index.php\/service\/","title":{"rendered":"Service"},"content":{"rendered":"<div class=\"row \"><div class=\"wpv-grid grid-1-1  wpv-first-level first unextended\" style=\"padding-top:20px;padding-bottom:0px\" id=\"wpv-column-e6275ecdf4a307efb680f7340a8243fc\" ><\/div><\/div>\n\t\t<h2 class=\"text-divider-double\">\t\t\t\nDownloads<br \/>\n\t\t<\/h2>\t\t<div class=\"sep\"><\/div>\t\n<div class=\"row \"><div class=\"wpv-grid grid-1-4  wpv-first-level first unextended\" style=\"padding-top:0px;padding-bottom:0px\" id=\"wpv-column-f1630096c2c3d6ddeee1deb7d431b751\" >\n<div  data-href=\"http:\/\/rechtsanwalt-bremerhaven.de\/downloads\/Erklaerung_\u00fcber_die_persoenlichen_und_wirtschaftlichen_Verhaeltnisse_v2017.pdf\" tabindex=\"1\" data-target=\"_blank\" class=\"linkarea clearfix accent1  background-accent8\">\n\t\t\t\t<div class=\"last\"><div class=\"row \"><div class=\"wpv-grid grid-1-3  first unextended\" style=\"padding-top:0px;padding-bottom:0px\" id=\"wpv-column-27bf14fa5c3e0cad9fb52cf080d455ae\" ><span class='icon shortcode   use-hover' style='font-size:60px !important;color:#8e0068;'>&#57552;<\/span><\/div> <div class=\"wpv-grid grid-2-3  unextended\" style=\"padding-top:0px;padding-bottom:0px\" id=\"wpv-column-5e56785fb3124d74cccbee8ad51d3e6d\" ><h5><strong>DOWNLOAD<br \/><\/strong>Erkl\u00e4rung \u00fcber die pers\u00f6nlichen und wirtschaftlichen Verh\u00e4ltnisse<\/h5>\n<address>PDF<br \/>Version 2017<br \/>Seiten: 4 (+ 5 Hinweise)<br \/>Gr\u00f6\u00dfe: 1,728 KB<\/address><\/div><\/div><\/div>\n\t<\/div><\/div>\n<div class=\"wpv-grid grid-1-4  wpv-first-level unextended\" style=\"padding-top:0px;padding-bottom:0px\" id=\"wpv-column-35da51b3cee505da9751f92e511db66d\" >\n<div  data-href=\"http:\/\/rechtsanwalt-bremerhaven.de\/downloads\/Antrag_auf_Bewilligung_von_Beratungshilfe_v2017.pdf\" tabindex=\"1\" data-target=\"_blank\" class=\"linkarea clearfix accent1  background-accent8\">\n\t\t\t\t<div class=\"last\"><div class=\"row \"><div class=\"wpv-grid grid-1-3  first unextended\" style=\"padding-top:0px;padding-bottom:0px\" id=\"wpv-column-08b8a00e224da3d347a0b68f832d421f\" ><span class='icon shortcode   use-hover' style='font-size:60px !important;color:#8e0068;'>&#57552;<\/span><\/div> <div class=\"wpv-grid grid-2-3  unextended\" style=\"padding-top:0px;padding-bottom:0px\" id=\"wpv-column-d3f8e22cfd85b1779249d12acdb9397d\" ><h5><strong>DOWNLOAD<br \/><\/strong>Antrag auf Bewilligung von Beratungshilfe<\/h5>\n<address>PDF<br \/>Version 2017 (6.17)<br \/>Seiten: 3 (+ 4 Hinweise)<br \/>Gr\u00f6\u00dfe: 148 KB<\/address><\/div><\/div><\/div>\n\t<\/div><\/div>\n<div class=\"wpv-grid grid-1-4  wpv-first-level unextended\" style=\"padding-top:0px;padding-bottom:0px\" id=\"wpv-column-84bacb7702c0e91bd557d25ecce0011e\" >\n<div  data-href=\"http:\/\/rechtsanwalt-bremerhaven.de\/service.asp?id=9\" tabindex=\"1\" data-target=\"_blank\" class=\"linkarea clearfix accent1  background-accent8\">\n\t\t\t\t<div class=\"last\"><div class=\"row \"><div class=\"wpv-grid grid-1-3  first unextended\" style=\"padding-top:0px;padding-bottom:0px\" id=\"wpv-column-e970ee31af7a0936564e9872e3cf391f\" ><span class='icon shortcode   use-hover' style='font-size:60px !important;color:#8e0068;'>&#57552;<\/span><\/div> <div class=\"wpv-grid grid-2-3  unextended\" style=\"padding-top:0px;padding-bottom:0px\" id=\"wpv-column-f9bd4e7fdbbc1e6d357735aa80d00b2d\" ><h5><strong>DOWNLOAD<br \/><\/strong>Antrag auf Bewilligung von Beratungshilfe &#8211; Allgemeine Hinweise<\/h5>\n<address>PDF<br \/>Version 2017 (8.05)<br \/>Seiten: 2<br \/>Gr\u00f6\u00dfe: 1.691 KB<\/address><\/div><\/div><\/div>\n\t<\/div><\/div>\n<div class=\"wpv-grid grid-1-4  wpv-first-level unextended\" style=\"padding-top:0px;padding-bottom:0px\" id=\"wpv-column-41f5ba9d17e1e57af6eb6ffb78b48aae\" >\n<div  data-href=\"http:\/\/rechtsanwalt-bremerhaven.de\/service.asp?id=8\" tabindex=\"1\" data-target=\"_blank\" class=\"linkarea clearfix accent1  background-accent8\">\n\t\t\t\t<div class=\"last\"><div class=\"row \"><div class=\"wpv-grid grid-1-3  first unextended\" style=\"padding-top:0px;padding-bottom:0px\" id=\"wpv-column-38c0e9527cae45be5d749a0041660d51\" ><span class='icon shortcode   use-hover' style='font-size:60px !important;color:#8e0068;'>&#57552;<\/span><\/div> <div class=\"wpv-grid grid-2-3  unextended\" style=\"padding-top:0px;padding-bottom:0px\" id=\"wpv-column-101eee4d2bfd77b286be0e8cafcbc7dd\" ><h5><strong>DOWNLOAD<br \/><\/strong>Hinweisblatt Prozesskostenhilfe<\/h5>\n<address>PDF<br \/>Version 2017 (8.05)<br \/>Seiten: 4<br \/>Gr\u00f6\u00dfe: 4.096 KB<\/address><\/div><\/div><\/div>\n\t<\/div><\/div>\n","protected":false},"excerpt":{"rendered":"","protected":false},"author":1,"featured_media":0,"parent":0,"menu_order":0,"comment_status":"closed","ping_status":"open","template":"","meta":[],"_links":{"self":[{"href":"http:\/\/www.rechtsanwalt-bremerhaven.de\/index.php\/wp-json\/wp\/v2\/pages\/7956"}],"collection":[{"href":"http:\/\/www.rechtsanwalt-bremerhaven.de\/index.php\/wp-json\/wp\/v2\/pages"}],"about":[{"href":"http:\/\/www.rechtsanwalt-bremerhaven.de\/index.php\/wp-json\/wp\/v2\/types\/page"}],"author":[{"embeddable":true,"href":"http:\/\/www.rechtsanwalt-bremerhaven.de\/index.php\/wp-json\/wp\/v2\/users\/1"}],"replies":[{"embeddable":true,"href":"http:\/\/www.rechtsanwalt-bremerhaven.de\/index.php\/wp-json\/wp\/v2\/comments?post=7956"}],"version-history":[{"count":0,"href":"http:\/\/www.rechtsanwalt-bremerhaven.de\/index.php\/wp-json\/wp\/v2\/pages\/7956\/revisions"}],"wp:attachment":[{"href":"http:\/\/www.rechtsanwalt-bremerhaven.de\/index.php\/wp-json\/wp\/v2\/media?parent=7956"}],"curies":[{"name":"wp","href":"https:\/\/api.w.org\/{rel}","templated":true}]}}